{"id":4504,"date":"2024-11-14T10:55:43","date_gmt":"2024-11-14T10:55:43","guid":{"rendered":"https:\/\/www.robobanker.com.br\/?page_id=4504"},"modified":"2024-11-14T10:56:06","modified_gmt":"2024-11-14T10:56:06","slug":"analises-de-mercado","status":"publish","type":"page","link":"https:\/\/www.robobanker.com.br\/index.php\/analises-de-mercado\/","title":{"rendered":"An\u00e1lises de Mercado"},"content":{"rendered":"\t\t<div data-elementor-type=\"wp-page\" data-elementor-id=\"4504\" class=\"elementor elementor-4504\" data-elementor-post-type=\"page\">\n\t\t\t\t<div class=\"elementor-element elementor-element-cbd504c e-flex e-con-boxed e-con e-parent\" data-id=\"cbd504c\" data-element_type=\"container\">\n\t\t\t\t\t<div class=\"e-con-inner\">\n\t\t\t\t<div class=\"elementor-element elementor-element-f113fb0 elementor-grid-4 elementor-grid-tablet-2 elementor-grid-mobile-1 elementor-posts--thumbnail-top elementor-posts--show-avatar elementor-card-shadow-yes elementor-posts__hover-gradient elementor-widget elementor-widget-posts\" data-id=\"f113fb0\" data-element_type=\"widget\" data-settings=\"{&quot;cards_columns&quot;:&quot;4&quot;,&quot;cards_columns_tablet&quot;:&quot;2&quot;,&quot;cards_columns_mobile&quot;:&quot;1&quot;,&quot;cards_row_gap&quot;:{&quot;unit&quot;:&quot;px&quot;,&quot;size&quot;:35,&quot;sizes&quot;:[]},&quot;cards_row_gap_tablet&quot;:{&quot;unit&quot;:&quot;px&quot;,&quot;size&quot;:&quot;&quot;,&quot;sizes&quot;:[]},&quot;cards_row_gap_mobile&quot;:{&quot;unit&quot;:&quot;px&quot;,&quot;size&quot;:&quot;&quot;,&quot;sizes&quot;:[]}}\" data-widget_type=\"posts.cards\">\n\t\t\t\t<div class=\"elementor-widget-container\">\n\t\t\t\t\t\t\t<div class=\"elementor-posts-container elementor-posts elementor-posts--skin-cards elementor-grid\" role=\"list\">\n\t\t\t\t<article class=\"elementor-post elementor-grid-item post-2333 post type-post status-publish format-standard has-post-thumbnail hentry category-analises-de-mercado tag-aai tag-open-banking tag-priority-driven-investment tag-robo-de-investimento tag-motor-robo-advisor\" role=\"listitem\">\n\t\t\t<div class=\"elementor-post__card\">\n\t\t\t\t<a class=\"elementor-post__thumbnail__link\" href=\"https:\/\/www.robobanker.com.br\/index.php\/anbima-2a-parte-raio-x-do-investidor-brasileiro\/\" tabindex=\"-1\" ><div class=\"elementor-post__thumbnail\"><img fetchpriority=\"high\" decoding=\"async\" width=\"300\" height=\"205\" src=\"https:\/\/www.robobanker.com.br\/wp-content\/uploads\/2014\/09\/1-compressed1-compressed-2-300x205.jpg\" class=\"attachment-medium size-medium wp-image-1673\" alt=\"\" srcset=\"https:\/\/www.robobanker.com.br\/wp-content\/uploads\/2014\/09\/1-compressed1-compressed-2-300x205.jpg 300w, https:\/\/www.robobanker.com.br\/wp-content\/uploads\/2014\/09\/1-compressed1-compressed-2-768x525.jpg 768w, https:\/\/www.robobanker.com.br\/wp-content\/uploads\/2014\/09\/1-compressed1-compressed-2-1024x700.jpg 1024w, https:\/\/www.robobanker.com.br\/wp-content\/uploads\/2014\/09\/1-compressed1-compressed-2-500x340.jpg 500w, https:\/\/www.robobanker.com.br\/wp-content\/uploads\/2014\/09\/1-compressed1-compressed-2.jpg 1298w\" sizes=\"(max-width: 300px) 100vw, 300px\" \/><\/div><\/a>\n\t\t\t\t<div class=\"elementor-post__badge\">An\u00e1lises de Mercado<\/div>\n\t\t\t\t<div class=\"elementor-post__avatar\">\n\t\t\t<img alt='Irving Chang' src='\/\/www.gravatar.com\/avatar\/fbf892352655da0247a0d042b7846f0d?s=128&#038;r=g&#038;d=mm' srcset='\/\/www.gravatar.com\/avatar\/fbf892352655da0247a0d042b7846f0d?s=128&#038;r=g&#038;d=mm 2x' class='avatar avatar-128 photo' height='128' width='128' \/>\t\t<\/div>\n\t\t\t\t<div class=\"elementor-post__text\">\n\t\t\t\t<h3 class=\"elementor-post__title\">\n\t\t\t<a href=\"https:\/\/www.robobanker.com.br\/index.php\/anbima-2a-parte-raio-x-do-investidor-brasileiro\/\" >\n\t\t\t\tANBIMA (2a parte): Raio X do investidor brasileiro\t\t\t<\/a>\n\t\t<\/h3>\n\t\t\t\t<div class=\"elementor-post__excerpt\">\n\t\t\t<p>Vamos conhecer quem \u00e9 o investidor brasileiro: 54% S\u00e3o homens, em m\u00e9dia 42 anos. 49% S\u00e3o casados com renda m\u00e9dia de R$5.000. 47% T\u00eam ensino m\u00e9dio. 35% T\u00eam ensino superior. 84% T\u00eam atividade remunerada. 34% S\u00e3o assalariados com registro CLT. 10% S\u00e3o aut\u00f4nomos. 53% Moram no Sudeste. 18% Moram no<\/p>\n\t\t<\/div>\n\t\t\n\t\t<a class=\"elementor-post__read-more\" href=\"https:\/\/www.robobanker.com.br\/index.php\/anbima-2a-parte-raio-x-do-investidor-brasileiro\/\" aria-label=\"Leia mais sobre ANBIMA (2a parte): Raio X do investidor brasileiro\" tabindex=\"-1\" >\n\t\t\tLeia mais \u00bb\t\t<\/a>\n\n\t\t\t\t<\/div>\n\t\t\t\t<div class=\"elementor-post__meta-data\">\n\t\t\t\t\t<span class=\"elementor-post-date\">\n\t\t\tmaio 16, 2019\t\t<\/span>\n\t\t\t\t<span class=\"elementor-post-avatar\">\n\t\t\tNenhum coment\u00e1rio\t\t<\/span>\n\t\t\t\t<\/div>\n\t\t\t\t\t<\/div>\n\t\t<\/article>\n\t\t\t\t<article class=\"elementor-post elementor-grid-item post-2329 post type-post status-publish format-standard has-post-thumbnail hentry category-analises-de-mercado tag-anbima tag-open-banking tag-priority-driven-investment tag-robo-de-investimento tag-motor-robo-advisor\" role=\"listitem\">\n\t\t\t<div class=\"elementor-post__card\">\n\t\t\t\t<a class=\"elementor-post__thumbnail__link\" href=\"https:\/\/www.robobanker.com.br\/index.php\/anbima-raio-x-do-investidor-brasileiro\/\" tabindex=\"-1\" ><div class=\"elementor-post__thumbnail\"><img decoding=\"async\" width=\"300\" height=\"195\" src=\"https:\/\/www.robobanker.com.br\/wp-content\/uploads\/2014\/06\/shutterstock_174966551-2-300x195.jpg\" class=\"attachment-medium size-medium wp-image-407\" alt=\"\" srcset=\"https:\/\/www.robobanker.com.br\/wp-content\/uploads\/2014\/06\/shutterstock_174966551-2-300x195.jpg 300w, https:\/\/www.robobanker.com.br\/wp-content\/uploads\/2014\/06\/shutterstock_174966551-2-768x500.jpg 768w, https:\/\/www.robobanker.com.br\/wp-content\/uploads\/2014\/06\/shutterstock_174966551-2-1024x667.jpg 1024w\" sizes=\"(max-width: 300px) 100vw, 300px\" \/><\/div><\/a>\n\t\t\t\t<div class=\"elementor-post__badge\">An\u00e1lises de Mercado<\/div>\n\t\t\t\t<div class=\"elementor-post__avatar\">\n\t\t\t<img alt='Irving Chang' src='\/\/www.gravatar.com\/avatar\/fbf892352655da0247a0d042b7846f0d?s=128&#038;r=g&#038;d=mm' srcset='\/\/www.gravatar.com\/avatar\/fbf892352655da0247a0d042b7846f0d?s=128&#038;r=g&#038;d=mm 2x' class='avatar avatar-128 photo' height='128' width='128' \/>\t\t<\/div>\n\t\t\t\t<div class=\"elementor-post__text\">\n\t\t\t\t<h3 class=\"elementor-post__title\">\n\t\t\t<a href=\"https:\/\/www.robobanker.com.br\/index.php\/anbima-raio-x-do-investidor-brasileiro\/\" >\n\t\t\t\tANBIMA: Raio X do investidor brasileiro\t\t\t<\/a>\n\t\t<\/h3>\n\t\t\t\t<div class=\"elementor-post__excerpt\">\n\t\t\t<p>Raio X do investidor brasileiro 2a edi\u00e7\u00e3o 71% da popula\u00e7\u00e3o fez corte de gastos em 2018, sendo um 59% em 2017. 13% fez planejamento para sobrar dinheiro em 2018, 8% foi a prefer\u00eancia em 2018 por aplicar em produtos banc\u00e1rios, sendo que em 2017 era 13%. Dos 33% que economizaram<\/p>\n\t\t<\/div>\n\t\t\n\t\t<a class=\"elementor-post__read-more\" href=\"https:\/\/www.robobanker.com.br\/index.php\/anbima-raio-x-do-investidor-brasileiro\/\" aria-label=\"Leia mais sobre ANBIMA: Raio X do investidor brasileiro\" tabindex=\"-1\" >\n\t\t\tLeia mais \u00bb\t\t<\/a>\n\n\t\t\t\t<\/div>\n\t\t\t\t<div class=\"elementor-post__meta-data\">\n\t\t\t\t\t<span class=\"elementor-post-date\">\n\t\t\tmaio 15, 2019\t\t<\/span>\n\t\t\t\t<span class=\"elementor-post-avatar\">\n\t\t\tNenhum coment\u00e1rio\t\t<\/span>\n\t\t\t\t<\/div>\n\t\t\t\t\t<\/div>\n\t\t<\/article>\n\t\t\t\t<\/div>\n\t\t\n\t\t\t\t\t\t<\/div>\n\t\t\t\t<\/div>\n\t\t\t\t\t<\/div>\n\t\t\t\t<\/div>\n\t\t\t\t<\/div>\n\t\t","protected":false},"excerpt":{"rendered":"Raio X do investidor brasileiro 2a edi\u00e7\u00e3o 71% da popula\u00e7\u00e3o fez corte de gastos em 2018, sendo um 59% em 2017. 13% fez planejamento para sobrar dinheiro em 2018, 8% foi a prefer\u00eancia em 2018 por aplicar em produtos banc\u00e1rios, sendo que em 2017 era 13%. Dos 33% que economizaram em 2018, 48% aplicaram em [...]","protected":false},"author":1,"featured_media":0,"parent":0,"menu_order":0,"comment_status":"closed","ping_status":"closed","template":"","meta":{"footnotes":""},"yoast_head":"<!-- This site is optimized with the Yoast SEO plugin v23.1 - https:\/\/yoast.com\/wordpress\/plugins\/seo\/ -->\n<title>An\u00e1lises de Mercado &#8212; RoboBanker<\/title>\n<meta name=\"robots\" content=\"index, follow, max-snippet:-1, max-image-preview:large, max-video-preview:-1\" \/>\n<link rel=\"canonical\" href=\"https:\/\/www.robobanker.com.br\/index.php\/analises-de-mercado\/\" class=\"yoast-seo-meta-tag\" \/>\n<meta property=\"og:locale\" content=\"pt_BR\" class=\"yoast-seo-meta-tag\" \/>\n<meta property=\"og:type\" content=\"article\" class=\"yoast-seo-meta-tag\" \/>\n<meta property=\"og:title\" content=\"An\u00e1lises de Mercado &#8212; RoboBanker\" class=\"yoast-seo-meta-tag\" \/>\n<meta property=\"og:url\" content=\"https:\/\/www.robobanker.com.br\/index.php\/analises-de-mercado\/\" class=\"yoast-seo-meta-tag\" \/>\n<meta property=\"og:site_name\" content=\"RoboBanker\" class=\"yoast-seo-meta-tag\" \/>\n<meta property=\"article:publisher\" content=\"https:\/\/www.facebook.com\/Robobanker\/\" class=\"yoast-seo-meta-tag\" \/>\n<meta property=\"article:modified_time\" content=\"2024-11-14T10:56:06+00:00\" class=\"yoast-seo-meta-tag\" \/>\n<meta name=\"twitter:card\" content=\"summary_large_image\" class=\"yoast-seo-meta-tag\" \/>\n<script type=\"application\/ld+json\" class=\"yoast-schema-graph\">{\"@context\":\"https:\/\/schema.org\",\"@graph\":[{\"@type\":\"WebPage\",\"@id\":\"https:\/\/www.robobanker.com.br\/index.php\/analises-de-mercado\/\",\"url\":\"https:\/\/www.robobanker.com.br\/index.php\/analises-de-mercado\/\",\"name\":\"An\u00e1lises de Mercado &#8212; RoboBanker\",\"isPartOf\":{\"@id\":\"https:\/\/www.robobanker.com.br\/#website\"},\"datePublished\":\"2024-11-14T10:55:43+00:00\",\"dateModified\":\"2024-11-14T10:56:06+00:00\",\"breadcrumb\":{\"@id\":\"https:\/\/www.robobanker.com.br\/index.php\/analises-de-mercado\/#breadcrumb\"},\"inLanguage\":\"pt-BR\",\"potentialAction\":[{\"@type\":\"ReadAction\",\"target\":[\"https:\/\/www.robobanker.com.br\/index.php\/analises-de-mercado\/\"]}]},{\"@type\":\"BreadcrumbList\",\"@id\":\"https:\/\/www.robobanker.com.br\/index.php\/analises-de-mercado\/#breadcrumb\",\"itemListElement\":[{\"@type\":\"ListItem\",\"position\":1,\"name\":\"In\u00edcio\",\"item\":\"https:\/\/www.robobanker.com.br\/\"},{\"@type\":\"ListItem\",\"position\":2,\"name\":\"An\u00e1lises de Mercado\"}]},{\"@type\":\"WebSite\",\"@id\":\"https:\/\/www.robobanker.com.br\/#website\",\"url\":\"https:\/\/www.robobanker.com.br\/\",\"name\":\"RoboBanker\",\"description\":\"Real Investor Satisfaction\",\"publisher\":{\"@id\":\"https:\/\/www.robobanker.com.br\/#organization\"},\"potentialAction\":[{\"@type\":\"SearchAction\",\"target\":{\"@type\":\"EntryPoint\",\"urlTemplate\":\"https:\/\/www.robobanker.com.br\/?s={search_term_string}\"},\"query-input\":\"required name=search_term_string\"}],\"inLanguage\":\"pt-BR\"},{\"@type\":\"Organization\",\"@id\":\"https:\/\/www.robobanker.com.br\/#organization\",\"name\":\"Robo Banker\",\"url\":\"https:\/\/www.robobanker.com.br\/\",\"logo\":{\"@type\":\"ImageObject\",\"inLanguage\":\"pt-BR\",\"@id\":\"https:\/\/www.robobanker.com.br\/#\/schema\/logo\/image\/\",\"url\":\"https:\/\/www.robobanker.com.br\/wp-content\/uploads\/2024\/04\/cropped-Ativo-3@4x-1024x212@2x-1.png\",\"contentUrl\":\"https:\/\/www.robobanker.com.br\/wp-content\/uploads\/2024\/04\/cropped-Ativo-3@4x-1024x212@2x-1.png\",\"width\":187,\"height\":39,\"caption\":\"Robo Banker\"},\"image\":{\"@id\":\"https:\/\/www.robobanker.com.br\/#\/schema\/logo\/image\/\"},\"sameAs\":[\"https:\/\/www.facebook.com\/Robobanker\/\"]}]}<\/script>\n<!-- \/ Yoast SEO plugin. -->","yoast_head_json":{"title":"An\u00e1lises de Mercado &#8212; RoboBanker","robots":{"index":"index","follow":"follow","max-snippet":"max-snippet:-1","max-image-preview":"max-image-preview:large","max-video-preview":"max-video-preview:-1"},"canonical":"https:\/\/www.robobanker.com.br\/index.php\/analises-de-mercado\/","og_locale":"pt_BR","og_type":"article","og_title":"An\u00e1lises de Mercado &#8212; RoboBanker","og_url":"https:\/\/www.robobanker.com.br\/index.php\/analises-de-mercado\/","og_site_name":"RoboBanker","article_publisher":"https:\/\/www.facebook.com\/Robobanker\/","article_modified_time":"2024-11-14T10:56:06+00:00","twitter_card":"summary_large_image","schema":{"@context":"https:\/\/schema.org","@graph":[{"@type":"WebPage","@id":"https:\/\/www.robobanker.com.br\/index.php\/analises-de-mercado\/","url":"https:\/\/www.robobanker.com.br\/index.php\/analises-de-mercado\/","name":"An\u00e1lises de Mercado &#8212; RoboBanker","isPartOf":{"@id":"https:\/\/www.robobanker.com.br\/#website"},"datePublished":"2024-11-14T10:55:43+00:00","dateModified":"2024-11-14T10:56:06+00:00","breadcrumb":{"@id":"https:\/\/www.robobanker.com.br\/index.php\/analises-de-mercado\/#breadcrumb"},"inLanguage":"pt-BR","potentialAction":[{"@type":"ReadAction","target":["https:\/\/www.robobanker.com.br\/index.php\/analises-de-mercado\/"]}]},{"@type":"BreadcrumbList","@id":"https:\/\/www.robobanker.com.br\/index.php\/analises-de-mercado\/#breadcrumb","itemListElement":[{"@type":"ListItem","position":1,"name":"In\u00edcio","item":"https:\/\/www.robobanker.com.br\/"},{"@type":"ListItem","position":2,"name":"An\u00e1lises de Mercado"}]},{"@type":"WebSite","@id":"https:\/\/www.robobanker.com.br\/#website","url":"https:\/\/www.robobanker.com.br\/","name":"RoboBanker","description":"Real Investor Satisfaction","publisher":{"@id":"https:\/\/www.robobanker.com.br\/#organization"},"potentialAction":[{"@type":"SearchAction","target":{"@type":"EntryPoint","urlTemplate":"https:\/\/www.robobanker.com.br\/?s={search_term_string}"},"query-input":"required name=search_term_string"}],"inLanguage":"pt-BR"},{"@type":"Organization","@id":"https:\/\/www.robobanker.com.br\/#organization","name":"Robo Banker","url":"https:\/\/www.robobanker.com.br\/","logo":{"@type":"ImageObject","inLanguage":"pt-BR","@id":"https:\/\/www.robobanker.com.br\/#\/schema\/logo\/image\/","url":"https:\/\/www.robobanker.com.br\/wp-content\/uploads\/2024\/04\/cropped-Ativo-3@4x-1024x212@2x-1.png","contentUrl":"https:\/\/www.robobanker.com.br\/wp-content\/uploads\/2024\/04\/cropped-Ativo-3@4x-1024x212@2x-1.png","width":187,"height":39,"caption":"Robo Banker"},"image":{"@id":"https:\/\/www.robobanker.com.br\/#\/schema\/logo\/image\/"},"sameAs":["https:\/\/www.facebook.com\/Robobanker\/"]}]}},"_links":{"self":[{"href":"https:\/\/www.robobanker.com.br\/index.php\/wp-json\/wp\/v2\/pages\/4504"}],"collection":[{"href":"https:\/\/www.robobanker.com.br\/index.php\/wp-json\/wp\/v2\/pages"}],"about":[{"href":"https:\/\/www.robobanker.com.br\/index.php\/wp-json\/wp\/v2\/types\/page"}],"author":[{"embeddable":true,"href":"https:\/\/www.robobanker.com.br\/index.php\/wp-json\/wp\/v2\/users\/1"}],"replies":[{"embeddable":true,"href":"https:\/\/www.robobanker.com.br\/index.php\/wp-json\/wp\/v2\/comments?post=4504"}],"version-history":[{"count":4,"href":"https:\/\/www.robobanker.com.br\/index.php\/wp-json\/wp\/v2\/pages\/4504\/revisions"}],"predecessor-version":[{"id":4509,"href":"https:\/\/www.robobanker.com.br\/index.php\/wp-json\/wp\/v2\/pages\/4504\/revisions\/4509"}],"wp:attachment":[{"href":"https:\/\/www.robobanker.com.br\/index.php\/wp-json\/wp\/v2\/media?parent=4504"}],"curies":[{"name":"wp","href":"https:\/\/api.w.org\/{rel}","templated":true}]}}