{"id":4498,"date":"2024-11-14T10:54:17","date_gmt":"2024-11-14T10:54:17","guid":{"rendered":"https:\/\/www.robobanker.com.br\/?page_id=4498"},"modified":"2024-11-14T10:54:49","modified_gmt":"2024-11-14T10:54:49","slug":"midia","status":"publish","type":"page","link":"https:\/\/www.robobanker.com.br\/index.php\/midia\/","title":{"rendered":"M\u00eddia"},"content":{"rendered":"\t\t<div data-elementor-type=\"wp-page\" data-elementor-id=\"4498\" class=\"elementor elementor-4498\" data-elementor-post-type=\"page\">\n\t\t\t\t<div class=\"elementor-element elementor-element-cbd504c e-flex e-con-boxed e-con e-parent\" data-id=\"cbd504c\" data-element_type=\"container\">\n\t\t\t\t\t<div class=\"e-con-inner\">\n\t\t\t\t<div class=\"elementor-element elementor-element-f113fb0 elementor-grid-4 elementor-grid-tablet-2 elementor-grid-mobile-1 elementor-posts--thumbnail-top elementor-posts--show-avatar elementor-card-shadow-yes elementor-posts__hover-gradient elementor-widget elementor-widget-posts\" data-id=\"f113fb0\" data-element_type=\"widget\" data-settings=\"{&quot;cards_columns&quot;:&quot;4&quot;,&quot;cards_columns_tablet&quot;:&quot;2&quot;,&quot;cards_columns_mobile&quot;:&quot;1&quot;,&quot;cards_row_gap&quot;:{&quot;unit&quot;:&quot;px&quot;,&quot;size&quot;:35,&quot;sizes&quot;:[]},&quot;cards_row_gap_tablet&quot;:{&quot;unit&quot;:&quot;px&quot;,&quot;size&quot;:&quot;&quot;,&quot;sizes&quot;:[]},&quot;cards_row_gap_mobile&quot;:{&quot;unit&quot;:&quot;px&quot;,&quot;size&quot;:&quot;&quot;,&quot;sizes&quot;:[]}}\" data-widget_type=\"posts.cards\">\n\t\t\t\t<div class=\"elementor-widget-container\">\n\t\t\t\t\t\t\t<div class=\"elementor-posts-container elementor-posts elementor-posts--skin-cards elementor-grid\" role=\"list\">\n\t\t\t\t<article class=\"elementor-post elementor-grid-item post-2563 post type-post status-publish format-standard has-post-thumbnail hentry category-midia category-robo-advisors-e-tecnologia\" role=\"listitem\">\n\t\t\t<div class=\"elementor-post__card\">\n\t\t\t\t<a class=\"elementor-post__thumbnail__link\" href=\"https:\/\/www.robobanker.com.br\/index.php\/robo-de-investimento-vira-opcao-para-fugir-de-renda-fixa\/\" tabindex=\"-1\" ><div class=\"elementor-post__thumbnail\"><img fetchpriority=\"high\" decoding=\"async\" width=\"300\" height=\"198\" src=\"https:\/\/www.robobanker.com.br\/wp-content\/uploads\/2020\/02\/robotfingers-300x198.jpg\" class=\"attachment-medium size-medium wp-image-2564\" alt=\"\" srcset=\"https:\/\/www.robobanker.com.br\/wp-content\/uploads\/2020\/02\/robotfingers-300x198.jpg 300w, https:\/\/www.robobanker.com.br\/wp-content\/uploads\/2020\/02\/robotfingers-768x508.jpg 768w, https:\/\/www.robobanker.com.br\/wp-content\/uploads\/2020\/02\/robotfingers-355x235.jpg 355w, https:\/\/www.robobanker.com.br\/wp-content\/uploads\/2020\/02\/robotfingers.jpg 900w\" sizes=\"(max-width: 300px) 100vw, 300px\" \/><\/div><\/a>\n\t\t\t\t<div class=\"elementor-post__badge\">M\u00eddia<\/div>\n\t\t\t\t<div class=\"elementor-post__avatar\">\n\t\t\t<img alt='Irving Chang' src='\/\/www.gravatar.com\/avatar\/fbf892352655da0247a0d042b7846f0d?s=128&#038;r=g&#038;d=mm' srcset='\/\/www.gravatar.com\/avatar\/fbf892352655da0247a0d042b7846f0d?s=128&#038;r=g&#038;d=mm 2x' class='avatar avatar-128 photo' height='128' width='128' \/>\t\t<\/div>\n\t\t\t\t<div class=\"elementor-post__text\">\n\t\t\t\t<h3 class=\"elementor-post__title\">\n\t\t\t<a href=\"https:\/\/www.robobanker.com.br\/index.php\/robo-de-investimento-vira-opcao-para-fugir-de-renda-fixa\/\" >\n\t\t\t\tRob\u00f4 de investimento vira op\u00e7\u00e3o para fugir de renda fixa\t\t\t<\/a>\n\t\t<\/h3>\n\t\t\t\t<div class=\"elementor-post__excerpt\">\n\t\t\t<p>Em um cen\u00e1rio de juros baixos, os investidores brasileiros t\u00eam sido obrigados a diversificar sua carteira para conseguir maior retorno financeiro. A plataforma de compara\u00e7\u00e3o de produtos do mercado financeiro Yubb tamb\u00e9m registrou a mudan\u00e7a de comportamento. Em dezembro, 23% das buscas realizadas no site foram sobre os rob\u00f4s. Os<\/p>\n\t\t<\/div>\n\t\t\n\t\t<a class=\"elementor-post__read-more\" href=\"https:\/\/www.robobanker.com.br\/index.php\/robo-de-investimento-vira-opcao-para-fugir-de-renda-fixa\/\" aria-label=\"Leia mais sobre Rob\u00f4 de investimento vira op\u00e7\u00e3o para fugir de renda fixa\" tabindex=\"-1\" >\n\t\t\tLeia mais \u00bb\t\t<\/a>\n\n\t\t\t\t<\/div>\n\t\t\t\t<div class=\"elementor-post__meta-data\">\n\t\t\t\t\t<span class=\"elementor-post-date\">\n\t\t\tfevereiro 14, 2020\t\t<\/span>\n\t\t\t\t<span class=\"elementor-post-avatar\">\n\t\t\tNenhum coment\u00e1rio\t\t<\/span>\n\t\t\t\t<\/div>\n\t\t\t\t\t<\/div>\n\t\t<\/article>\n\t\t\t\t<article class=\"elementor-post elementor-grid-item post-2557 post type-post status-publish format-standard has-post-thumbnail hentry category-midia tag-aai tag-anbima tag-fintech tag-open-banking tag-priority-driven-investment tag-robo-de-investimento tag-motor-robo-advisor\" role=\"listitem\">\n\t\t\t<div class=\"elementor-post__card\">\n\t\t\t\t<a class=\"elementor-post__thumbnail__link\" href=\"https:\/\/www.robobanker.com.br\/index.php\/robobanker-no-jornal-valor-economico\/\" tabindex=\"-1\" ><div class=\"elementor-post__thumbnail\"><img decoding=\"async\" width=\"300\" height=\"137\" src=\"https:\/\/www.robobanker.com.br\/wp-content\/uploads\/2020\/01\/1ra-Nota-na-Valor-B-300x137.jpg\" class=\"attachment-medium size-medium wp-image-2558\" alt=\"\" srcset=\"https:\/\/www.robobanker.com.br\/wp-content\/uploads\/2020\/01\/1ra-Nota-na-Valor-B-300x137.jpg 300w, https:\/\/www.robobanker.com.br\/wp-content\/uploads\/2020\/01\/1ra-Nota-na-Valor-B-768x351.jpg 768w, https:\/\/www.robobanker.com.br\/wp-content\/uploads\/2020\/01\/1ra-Nota-na-Valor-B.jpg 1013w\" sizes=\"(max-width: 300px) 100vw, 300px\" \/><\/div><\/a>\n\t\t\t\t<div class=\"elementor-post__badge\">M\u00eddia<\/div>\n\t\t\t\t<div class=\"elementor-post__avatar\">\n\t\t\t<img alt='Irving Chang' src='\/\/www.gravatar.com\/avatar\/fbf892352655da0247a0d042b7846f0d?s=128&#038;r=g&#038;d=mm' srcset='\/\/www.gravatar.com\/avatar\/fbf892352655da0247a0d042b7846f0d?s=128&#038;r=g&#038;d=mm 2x' class='avatar avatar-128 photo' height='128' width='128' \/>\t\t<\/div>\n\t\t\t\t<div class=\"elementor-post__text\">\n\t\t\t\t<h3 class=\"elementor-post__title\">\n\t\t\t<a href=\"https:\/\/www.robobanker.com.br\/index.php\/robobanker-no-jornal-valor-economico\/\" >\n\t\t\t\tROBOBANKER no jornal Valor Econ\u00f4mico!\t\t\t<\/a>\n\t\t<\/h3>\n\t\t\t\t<div class=\"elementor-post__excerpt\">\n\t\t\t<p>Intelig\u00eancia artificial ajuda investidores a diversificar portf\u00f3lio A redu\u00e7\u00e3o da taxa b\u00e1sica de juros inaugurou uma nova era para os investidores brasileiros. Acostumados a se refugiar em renda fixa e investimentos extremamente conservadores, eles entram em 2020 conscientes de que precisam se desacomodar. O enorme sucesso das plataformas abertas de<\/p>\n\t\t<\/div>\n\t\t\n\t\t<a class=\"elementor-post__read-more\" href=\"https:\/\/www.robobanker.com.br\/index.php\/robobanker-no-jornal-valor-economico\/\" aria-label=\"Leia mais sobre ROBOBANKER no jornal Valor Econ\u00f4mico!\" tabindex=\"-1\" >\n\t\t\tLeia mais \u00bb\t\t<\/a>\n\n\t\t\t\t<\/div>\n\t\t\t\t<div class=\"elementor-post__meta-data\">\n\t\t\t\t\t<span class=\"elementor-post-date\">\n\t\t\tjaneiro 28, 2020\t\t<\/span>\n\t\t\t\t<span class=\"elementor-post-avatar\">\n\t\t\tNenhum coment\u00e1rio\t\t<\/span>\n\t\t\t\t<\/div>\n\t\t\t\t\t<\/div>\n\t\t<\/article>\n\t\t\t\t<\/div>\n\t\t\n\t\t\t\t\t\t<\/div>\n\t\t\t\t<\/div>\n\t\t\t\t\t<\/div>\n\t\t\t\t<\/div>\n\t\t\t\t<\/div>\n\t\t","protected":false},"excerpt":{"rendered":"Intelig\u00eancia artificial ajuda investidores a diversificar portf\u00f3lio A redu\u00e7\u00e3o da taxa b\u00e1sica de juros inaugurou uma nova era para os investidores brasileiros. Acostumados a se refugiar em renda fixa e investimentos extremamente conservadores, eles entram em 2020 conscientes de que precisam se desacomodar. O enorme sucesso das plataformas abertas de investimento, se por um lado [...]","protected":false},"author":1,"featured_media":0,"parent":0,"menu_order":0,"comment_status":"closed","ping_status":"closed","template":"","meta":{"footnotes":""},"yoast_head":"<!-- This site is optimized with the Yoast SEO plugin v23.1 - https:\/\/yoast.com\/wordpress\/plugins\/seo\/ -->\n<title>M\u00eddia &#8212; RoboBanker<\/title>\n<meta name=\"robots\" content=\"index, follow, max-snippet:-1, max-image-preview:large, max-video-preview:-1\" \/>\n<link rel=\"canonical\" href=\"https:\/\/www.robobanker.com.br\/index.php\/midia\/\" class=\"yoast-seo-meta-tag\" \/>\n<meta property=\"og:locale\" content=\"pt_BR\" class=\"yoast-seo-meta-tag\" \/>\n<meta property=\"og:type\" content=\"article\" class=\"yoast-seo-meta-tag\" \/>\n<meta property=\"og:title\" content=\"M\u00eddia &#8212; RoboBanker\" class=\"yoast-seo-meta-tag\" \/>\n<meta property=\"og:url\" content=\"https:\/\/www.robobanker.com.br\/index.php\/midia\/\" class=\"yoast-seo-meta-tag\" \/>\n<meta property=\"og:site_name\" content=\"RoboBanker\" class=\"yoast-seo-meta-tag\" \/>\n<meta property=\"article:publisher\" content=\"https:\/\/www.facebook.com\/Robobanker\/\" class=\"yoast-seo-meta-tag\" \/>\n<meta property=\"article:modified_time\" content=\"2024-11-14T10:54:49+00:00\" class=\"yoast-seo-meta-tag\" \/>\n<meta name=\"twitter:card\" content=\"summary_large_image\" class=\"yoast-seo-meta-tag\" \/>\n<script type=\"application\/ld+json\" class=\"yoast-schema-graph\">{\"@context\":\"https:\/\/schema.org\",\"@graph\":[{\"@type\":\"WebPage\",\"@id\":\"https:\/\/www.robobanker.com.br\/index.php\/midia\/\",\"url\":\"https:\/\/www.robobanker.com.br\/index.php\/midia\/\",\"name\":\"M\u00eddia &#8212; RoboBanker\",\"isPartOf\":{\"@id\":\"https:\/\/www.robobanker.com.br\/#website\"},\"datePublished\":\"2024-11-14T10:54:17+00:00\",\"dateModified\":\"2024-11-14T10:54:49+00:00\",\"breadcrumb\":{\"@id\":\"https:\/\/www.robobanker.com.br\/index.php\/midia\/#breadcrumb\"},\"inLanguage\":\"pt-BR\",\"potentialAction\":[{\"@type\":\"ReadAction\",\"target\":[\"https:\/\/www.robobanker.com.br\/index.php\/midia\/\"]}]},{\"@type\":\"BreadcrumbList\",\"@id\":\"https:\/\/www.robobanker.com.br\/index.php\/midia\/#breadcrumb\",\"itemListElement\":[{\"@type\":\"ListItem\",\"position\":1,\"name\":\"In\u00edcio\",\"item\":\"https:\/\/www.robobanker.com.br\/\"},{\"@type\":\"ListItem\",\"position\":2,\"name\":\"M\u00eddia\"}]},{\"@type\":\"WebSite\",\"@id\":\"https:\/\/www.robobanker.com.br\/#website\",\"url\":\"https:\/\/www.robobanker.com.br\/\",\"name\":\"RoboBanker\",\"description\":\"Real Investor Satisfaction\",\"publisher\":{\"@id\":\"https:\/\/www.robobanker.com.br\/#organization\"},\"potentialAction\":[{\"@type\":\"SearchAction\",\"target\":{\"@type\":\"EntryPoint\",\"urlTemplate\":\"https:\/\/www.robobanker.com.br\/?s={search_term_string}\"},\"query-input\":\"required name=search_term_string\"}],\"inLanguage\":\"pt-BR\"},{\"@type\":\"Organization\",\"@id\":\"https:\/\/www.robobanker.com.br\/#organization\",\"name\":\"Robo Banker\",\"url\":\"https:\/\/www.robobanker.com.br\/\",\"logo\":{\"@type\":\"ImageObject\",\"inLanguage\":\"pt-BR\",\"@id\":\"https:\/\/www.robobanker.com.br\/#\/schema\/logo\/image\/\",\"url\":\"https:\/\/www.robobanker.com.br\/wp-content\/uploads\/2024\/04\/cropped-Ativo-3@4x-1024x212@2x-1.png\",\"contentUrl\":\"https:\/\/www.robobanker.com.br\/wp-content\/uploads\/2024\/04\/cropped-Ativo-3@4x-1024x212@2x-1.png\",\"width\":187,\"height\":39,\"caption\":\"Robo Banker\"},\"image\":{\"@id\":\"https:\/\/www.robobanker.com.br\/#\/schema\/logo\/image\/\"},\"sameAs\":[\"https:\/\/www.facebook.com\/Robobanker\/\"]}]}<\/script>\n<!-- \/ Yoast SEO plugin. -->","yoast_head_json":{"title":"M\u00eddia &#8212; RoboBanker","robots":{"index":"index","follow":"follow","max-snippet":"max-snippet:-1","max-image-preview":"max-image-preview:large","max-video-preview":"max-video-preview:-1"},"canonical":"https:\/\/www.robobanker.com.br\/index.php\/midia\/","og_locale":"pt_BR","og_type":"article","og_title":"M\u00eddia &#8212; RoboBanker","og_url":"https:\/\/www.robobanker.com.br\/index.php\/midia\/","og_site_name":"RoboBanker","article_publisher":"https:\/\/www.facebook.com\/Robobanker\/","article_modified_time":"2024-11-14T10:54:49+00:00","twitter_card":"summary_large_image","schema":{"@context":"https:\/\/schema.org","@graph":[{"@type":"WebPage","@id":"https:\/\/www.robobanker.com.br\/index.php\/midia\/","url":"https:\/\/www.robobanker.com.br\/index.php\/midia\/","name":"M\u00eddia &#8212; RoboBanker","isPartOf":{"@id":"https:\/\/www.robobanker.com.br\/#website"},"datePublished":"2024-11-14T10:54:17+00:00","dateModified":"2024-11-14T10:54:49+00:00","breadcrumb":{"@id":"https:\/\/www.robobanker.com.br\/index.php\/midia\/#breadcrumb"},"inLanguage":"pt-BR","potentialAction":[{"@type":"ReadAction","target":["https:\/\/www.robobanker.com.br\/index.php\/midia\/"]}]},{"@type":"BreadcrumbList","@id":"https:\/\/www.robobanker.com.br\/index.php\/midia\/#breadcrumb","itemListElement":[{"@type":"ListItem","position":1,"name":"In\u00edcio","item":"https:\/\/www.robobanker.com.br\/"},{"@type":"ListItem","position":2,"name":"M\u00eddia"}]},{"@type":"WebSite","@id":"https:\/\/www.robobanker.com.br\/#website","url":"https:\/\/www.robobanker.com.br\/","name":"RoboBanker","description":"Real Investor Satisfaction","publisher":{"@id":"https:\/\/www.robobanker.com.br\/#organization"},"potentialAction":[{"@type":"SearchAction","target":{"@type":"EntryPoint","urlTemplate":"https:\/\/www.robobanker.com.br\/?s={search_term_string}"},"query-input":"required name=search_term_string"}],"inLanguage":"pt-BR"},{"@type":"Organization","@id":"https:\/\/www.robobanker.com.br\/#organization","name":"Robo Banker","url":"https:\/\/www.robobanker.com.br\/","logo":{"@type":"ImageObject","inLanguage":"pt-BR","@id":"https:\/\/www.robobanker.com.br\/#\/schema\/logo\/image\/","url":"https:\/\/www.robobanker.com.br\/wp-content\/uploads\/2024\/04\/cropped-Ativo-3@4x-1024x212@2x-1.png","contentUrl":"https:\/\/www.robobanker.com.br\/wp-content\/uploads\/2024\/04\/cropped-Ativo-3@4x-1024x212@2x-1.png","width":187,"height":39,"caption":"Robo Banker"},"image":{"@id":"https:\/\/www.robobanker.com.br\/#\/schema\/logo\/image\/"},"sameAs":["https:\/\/www.facebook.com\/Robobanker\/"]}]}},"_links":{"self":[{"href":"https:\/\/www.robobanker.com.br\/index.php\/wp-json\/wp\/v2\/pages\/4498"}],"collection":[{"href":"https:\/\/www.robobanker.com.br\/index.php\/wp-json\/wp\/v2\/pages"}],"about":[{"href":"https:\/\/www.robobanker.com.br\/index.php\/wp-json\/wp\/v2\/types\/page"}],"author":[{"embeddable":true,"href":"https:\/\/www.robobanker.com.br\/index.php\/wp-json\/wp\/v2\/users\/1"}],"replies":[{"embeddable":true,"href":"https:\/\/www.robobanker.com.br\/index.php\/wp-json\/wp\/v2\/comments?post=4498"}],"version-history":[{"count":4,"href":"https:\/\/www.robobanker.com.br\/index.php\/wp-json\/wp\/v2\/pages\/4498\/revisions"}],"predecessor-version":[{"id":4503,"href":"https:\/\/www.robobanker.com.br\/index.php\/wp-json\/wp\/v2\/pages\/4498\/revisions\/4503"}],"wp:attachment":[{"href":"https:\/\/www.robobanker.com.br\/index.php\/wp-json\/wp\/v2\/media?parent=4498"}],"curies":[{"name":"wp","href":"https:\/\/api.w.org\/{rel}","templated":true}]}}