{"id":4492,"date":"2024-11-14T10:53:01","date_gmt":"2024-11-14T10:53:01","guid":{"rendered":"https:\/\/www.robobanker.com.br\/?page_id=4492"},"modified":"2024-11-14T10:53:42","modified_gmt":"2024-11-14T10:53:42","slug":"inteligencia-artificial-e-futuro-tecnologico","status":"publish","type":"page","link":"https:\/\/www.robobanker.com.br\/index.php\/inteligencia-artificial-e-futuro-tecnologico\/","title":{"rendered":"Intelig\u00eancia Artificial e Futuro Tecnol\u00f3gico"},"content":{"rendered":"\t\t<div data-elementor-type=\"wp-page\" data-elementor-id=\"4492\" class=\"elementor elementor-4492\" data-elementor-post-type=\"page\">\n\t\t\t\t<div class=\"elementor-element elementor-element-cbd504c e-flex e-con-boxed e-con e-parent\" data-id=\"cbd504c\" data-element_type=\"container\">\n\t\t\t\t\t<div class=\"e-con-inner\">\n\t\t\t\t<div class=\"elementor-element elementor-element-f113fb0 elementor-grid-4 elementor-grid-tablet-2 elementor-grid-mobile-1 elementor-posts--thumbnail-top elementor-posts--show-avatar elementor-card-shadow-yes elementor-posts__hover-gradient elementor-widget elementor-widget-posts\" data-id=\"f113fb0\" data-element_type=\"widget\" data-settings=\"{&quot;cards_columns&quot;:&quot;4&quot;,&quot;cards_columns_tablet&quot;:&quot;2&quot;,&quot;cards_columns_mobile&quot;:&quot;1&quot;,&quot;cards_row_gap&quot;:{&quot;unit&quot;:&quot;px&quot;,&quot;size&quot;:35,&quot;sizes&quot;:[]},&quot;cards_row_gap_tablet&quot;:{&quot;unit&quot;:&quot;px&quot;,&quot;size&quot;:&quot;&quot;,&quot;sizes&quot;:[]},&quot;cards_row_gap_mobile&quot;:{&quot;unit&quot;:&quot;px&quot;,&quot;size&quot;:&quot;&quot;,&quot;sizes&quot;:[]}}\" data-widget_type=\"posts.cards\">\n\t\t\t\t<div class=\"elementor-widget-container\">\n\t\t\t\t\t\t\t<div class=\"elementor-posts-container elementor-posts elementor-posts--skin-cards elementor-grid\" role=\"list\">\n\t\t\t\t<article class=\"elementor-post elementor-grid-item post-2569 post type-post status-publish format-standard has-post-thumbnail hentry category-inteligencia-artificial-e-futuro-tecnologico tag-agente-autonomo-de-investimento tag-fintech tag-open-banking tag-priority-driven-investment tag-robo-de-investimento tag-motor-robo-advisor\" role=\"listitem\">\n\t\t\t<div class=\"elementor-post__card\">\n\t\t\t\t<a class=\"elementor-post__thumbnail__link\" href=\"https:\/\/www.robobanker.com.br\/index.php\/anatomia-de-un-robo-advisor-robobanker\/\" tabindex=\"-1\" ><div class=\"elementor-post__thumbnail\"><img decoding=\"async\" width=\"300\" height=\"165\" src=\"https:\/\/www.robobanker.com.br\/wp-content\/uploads\/2020\/02\/Integraciones-RB9-300x165.png\" class=\"attachment-medium size-medium wp-image-2592\" alt=\"\" srcset=\"https:\/\/www.robobanker.com.br\/wp-content\/uploads\/2020\/02\/Integraciones-RB9-300x165.png 300w, https:\/\/www.robobanker.com.br\/wp-content\/uploads\/2020\/02\/Integraciones-RB9-768x422.png 768w, https:\/\/www.robobanker.com.br\/wp-content\/uploads\/2020\/02\/Integraciones-RB9-1024x563.png 1024w, https:\/\/www.robobanker.com.br\/wp-content\/uploads\/2020\/02\/Integraciones-RB9.png 1463w\" sizes=\"(max-width: 300px) 100vw, 300px\" \/><\/div><\/a>\n\t\t\t\t<div class=\"elementor-post__badge\">Intelig\u00eancia Artificial e Futuro Tecnol\u00f3gico<\/div>\n\t\t\t\t<div class=\"elementor-post__avatar\">\n\t\t\t<img alt='Irving Chang' src='\/\/www.gravatar.com\/avatar\/fbf892352655da0247a0d042b7846f0d?s=128&#038;r=g&#038;d=mm' srcset='\/\/www.gravatar.com\/avatar\/fbf892352655da0247a0d042b7846f0d?s=128&#038;r=g&#038;d=mm 2x' class='avatar avatar-128 photo' height='128' width='128' \/>\t\t<\/div>\n\t\t\t\t<div class=\"elementor-post__text\">\n\t\t\t\t<h3 class=\"elementor-post__title\">\n\t\t\t<a href=\"https:\/\/www.robobanker.com.br\/index.php\/anatomia-de-un-robo-advisor-robobanker\/\" >\n\t\t\t\tAnatom\u00eda de un robo-advisor (RoboBanker)\t\t\t<\/a>\n\t\t<\/h3>\n\t\t\t\t<div class=\"elementor-post__excerpt\">\n\t\t\t<p>Muchos ejecutivos del mercado latinoamericano (Latam) ya leyeron varias materias sobre los robo-advisors, principalmente de USA, Europa, Asia y tal vez del Brasil; entonces no es novedad pero, a pesar de tanta informaci\u00f3n difundida a\u00fan queda dudas de sus integraciones dentro de una instituci\u00f3n financiera, sobre todo hoy en d\u00eda<\/p>\n\t\t<\/div>\n\t\t\n\t\t<a class=\"elementor-post__read-more\" href=\"https:\/\/www.robobanker.com.br\/index.php\/anatomia-de-un-robo-advisor-robobanker\/\" aria-label=\"Leia mais sobre Anatom\u00eda de un robo-advisor (RoboBanker)\" tabindex=\"-1\" >\n\t\t\tLeia mais \u00bb\t\t<\/a>\n\n\t\t\t\t<\/div>\n\t\t\t\t<div class=\"elementor-post__meta-data\">\n\t\t\t\t\t<span class=\"elementor-post-date\">\n\t\t\tfevereiro 27, 2020\t\t<\/span>\n\t\t\t\t<span class=\"elementor-post-avatar\">\n\t\t\tNenhum coment\u00e1rio\t\t<\/span>\n\t\t\t\t<\/div>\n\t\t\t\t\t<\/div>\n\t\t<\/article>\n\t\t\t\t<article class=\"elementor-post elementor-grid-item post-2372 post type-post status-publish format-standard has-post-thumbnail hentry category-inteligencia-artificial-e-futuro-tecnologico tag-aai tag-open-banking tag-priority-driven-investment tag-robo-de-investimento tag-motor-robo-advisor\" role=\"listitem\">\n\t\t\t<div class=\"elementor-post__card\">\n\t\t\t\t<a class=\"elementor-post__thumbnail__link\" href=\"https:\/\/www.robobanker.com.br\/index.php\/estudo-sobre-ia-humanoides-e-robos-para-2040\/\" tabindex=\"-1\" ><div class=\"elementor-post__thumbnail\"><img fetchpriority=\"high\" decoding=\"async\" width=\"300\" height=\"200\" src=\"https:\/\/www.robobanker.com.br\/wp-content\/uploads\/2019\/05\/intelig\u00eancia-artificial-300x200.jpg\" class=\"attachment-medium size-medium wp-image-2373\" alt=\"\" srcset=\"https:\/\/www.robobanker.com.br\/wp-content\/uploads\/2019\/05\/intelig\u00eancia-artificial-300x200.jpg 300w, https:\/\/www.robobanker.com.br\/wp-content\/uploads\/2019\/05\/intelig\u00eancia-artificial-768x512.jpg 768w, https:\/\/www.robobanker.com.br\/wp-content\/uploads\/2019\/05\/intelig\u00eancia-artificial-355x235.jpg 355w, https:\/\/www.robobanker.com.br\/wp-content\/uploads\/2019\/05\/intelig\u00eancia-artificial.jpg 1000w\" sizes=\"(max-width: 300px) 100vw, 300px\" \/><\/div><\/a>\n\t\t\t\t<div class=\"elementor-post__badge\">Intelig\u00eancia Artificial e Futuro Tecnol\u00f3gico<\/div>\n\t\t\t\t<div class=\"elementor-post__avatar\">\n\t\t\t<img alt='Irving Chang' src='\/\/www.gravatar.com\/avatar\/fbf892352655da0247a0d042b7846f0d?s=128&#038;r=g&#038;d=mm' srcset='\/\/www.gravatar.com\/avatar\/fbf892352655da0247a0d042b7846f0d?s=128&#038;r=g&#038;d=mm 2x' class='avatar avatar-128 photo' height='128' width='128' \/>\t\t<\/div>\n\t\t\t\t<div class=\"elementor-post__text\">\n\t\t\t\t<h3 class=\"elementor-post__title\">\n\t\t\t<a href=\"https:\/\/www.robobanker.com.br\/index.php\/estudo-sobre-ia-humanoides-e-robos-para-2040\/\" >\n\t\t\t\tEstudo sobre IA, humanoides e rob\u00f4s para 2040\t\t\t<\/a>\n\t\t<\/h3>\n\t\t\t\t<div class=\"elementor-post__excerpt\">\n\t\t\t<p>Poss\u00edveis aplica\u00e7\u00f5es de neg\u00f3cios e cen\u00e1rios de desenvolvimento para 2040, da KPMG Agosto 2018. Como ser\u00e1 o nosso mundo no futuro? Ningu\u00e9m sabe; h\u00e1 um n\u00famero infinito de determinantes. Mas \u00e9 a\u00ed que os cen\u00e1rios s\u00e3o \u00fateis. Eles cortam a complexidade de m\u00faltiplos fatores determinantes para oferecer uma vis\u00e3o visual<\/p>\n\t\t<\/div>\n\t\t\n\t\t<a class=\"elementor-post__read-more\" href=\"https:\/\/www.robobanker.com.br\/index.php\/estudo-sobre-ia-humanoides-e-robos-para-2040\/\" aria-label=\"Leia mais sobre Estudo sobre IA, humanoides e rob\u00f4s para 2040\" tabindex=\"-1\" >\n\t\t\tLeia mais \u00bb\t\t<\/a>\n\n\t\t\t\t<\/div>\n\t\t\t\t<div class=\"elementor-post__meta-data\">\n\t\t\t\t\t<span class=\"elementor-post-date\">\n\t\t\tmaio 23, 2019\t\t<\/span>\n\t\t\t\t<span class=\"elementor-post-avatar\">\n\t\t\tNenhum coment\u00e1rio\t\t<\/span>\n\t\t\t\t<\/div>\n\t\t\t\t\t<\/div>\n\t\t<\/article>\n\t\t\t\t<article class=\"elementor-post elementor-grid-item post-2337 post type-post status-publish format-standard has-post-thumbnail hentry category-inteligencia-artificial-e-futuro-tecnologico tag-open-banking tag-priority-driven-investment tag-robo-de-investimento tag-motor-robo-advisor\" role=\"listitem\">\n\t\t\t<div class=\"elementor-post__card\">\n\t\t\t\t<a class=\"elementor-post__thumbnail__link\" href=\"https:\/\/www.robobanker.com.br\/index.php\/inteligencia-humana-e-artificial-o-futuro-do-trabalho-na-industria-de-investimento\/\" tabindex=\"-1\" ><div class=\"elementor-post__thumbnail\"><img decoding=\"async\" width=\"300\" height=\"150\" src=\"https:\/\/www.robobanker.com.br\/wp-content\/uploads\/2019\/05\/ai-300x150.jpg\" class=\"attachment-medium size-medium wp-image-2339\" alt=\"\" srcset=\"https:\/\/www.robobanker.com.br\/wp-content\/uploads\/2019\/05\/ai-300x150.jpg 300w, https:\/\/www.robobanker.com.br\/wp-content\/uploads\/2019\/05\/ai.jpg 670w\" sizes=\"(max-width: 300px) 100vw, 300px\" \/><\/div><\/a>\n\t\t\t\t<div class=\"elementor-post__badge\">Intelig\u00eancia Artificial e Futuro Tecnol\u00f3gico<\/div>\n\t\t\t\t<div class=\"elementor-post__avatar\">\n\t\t\t<img alt='Irving Chang' src='\/\/www.gravatar.com\/avatar\/fbf892352655da0247a0d042b7846f0d?s=128&#038;r=g&#038;d=mm' srcset='\/\/www.gravatar.com\/avatar\/fbf892352655da0247a0d042b7846f0d?s=128&#038;r=g&#038;d=mm 2x' class='avatar avatar-128 photo' height='128' width='128' \/>\t\t<\/div>\n\t\t\t\t<div class=\"elementor-post__text\">\n\t\t\t\t<h3 class=\"elementor-post__title\">\n\t\t\t<a href=\"https:\/\/www.robobanker.com.br\/index.php\/inteligencia-humana-e-artificial-o-futuro-do-trabalho-na-industria-de-investimento\/\" >\n\t\t\t\tIntelig\u00eancia humana e artificial: o futuro do trabalho na ind\u00fastria de investimento\t\t\t<\/a>\n\t\t<\/h3>\n\t\t\t\t<div class=\"elementor-post__excerpt\">\n\t\t\t<p>\u201cA pergunta para o profissional de investimento n\u00e3o \u00e9 se ele pode entregar tarefas a rob\u00f4s, mas se ele pode interagir com rob\u00f4s\u201d Qual \u00e9 o futuro do trabalho no setor de investimentos? Como n\u00f3s, como provedores de capital humano, nos preparamos para a evolu\u00e7\u00e3o desta profiss\u00e3o? A ind\u00fastria de<\/p>\n\t\t<\/div>\n\t\t\n\t\t<a class=\"elementor-post__read-more\" href=\"https:\/\/www.robobanker.com.br\/index.php\/inteligencia-humana-e-artificial-o-futuro-do-trabalho-na-industria-de-investimento\/\" aria-label=\"Leia mais sobre Intelig\u00eancia humana e artificial: o futuro do trabalho na ind\u00fastria de investimento\" tabindex=\"-1\" >\n\t\t\tLeia mais \u00bb\t\t<\/a>\n\n\t\t\t\t<\/div>\n\t\t\t\t<div class=\"elementor-post__meta-data\">\n\t\t\t\t\t<span class=\"elementor-post-date\">\n\t\t\tmaio 18, 2019\t\t<\/span>\n\t\t\t\t<span class=\"elementor-post-avatar\">\n\t\t\tNenhum coment\u00e1rio\t\t<\/span>\n\t\t\t\t<\/div>\n\t\t\t\t\t<\/div>\n\t\t<\/article>\n\t\t\t\t<\/div>\n\t\t\n\t\t\t\t\t\t<\/div>\n\t\t\t\t<\/div>\n\t\t\t\t\t<\/div>\n\t\t\t\t<\/div>\n\t\t\t\t<\/div>\n\t\t","protected":false},"excerpt":{"rendered":"\u201cA pergunta para o profissional de investimento n\u00e3o \u00e9 se ele pode entregar tarefas a rob\u00f4s, mas se ele pode interagir com rob\u00f4s\u201d Qual \u00e9 o futuro do trabalho no setor de investimentos? Como n\u00f3s, como provedores de capital humano, nos preparamos para a evolu\u00e7\u00e3o desta profiss\u00e3o? A ind\u00fastria de servi\u00e7os financeiros est\u00e1 em um [...]","protected":false},"author":1,"featured_media":0,"parent":0,"menu_order":0,"comment_status":"closed","ping_status":"closed","template":"","meta":{"footnotes":""},"yoast_head":"<!-- This site is optimized with the Yoast SEO plugin v23.1 - https:\/\/yoast.com\/wordpress\/plugins\/seo\/ -->\n<title>Intelig\u00eancia Artificial e Futuro Tecnol\u00f3gico &#8212; RoboBanker<\/title>\n<meta name=\"robots\" content=\"index, follow, max-snippet:-1, max-image-preview:large, max-video-preview:-1\" \/>\n<link rel=\"canonical\" href=\"https:\/\/www.robobanker.com.br\/index.php\/inteligencia-artificial-e-futuro-tecnologico\/\" class=\"yoast-seo-meta-tag\" \/>\n<meta property=\"og:locale\" content=\"pt_BR\" class=\"yoast-seo-meta-tag\" \/>\n<meta property=\"og:type\" content=\"article\" class=\"yoast-seo-meta-tag\" \/>\n<meta property=\"og:title\" content=\"Intelig\u00eancia Artificial e Futuro Tecnol\u00f3gico &#8212; RoboBanker\" class=\"yoast-seo-meta-tag\" \/>\n<meta property=\"og:url\" content=\"https:\/\/www.robobanker.com.br\/index.php\/inteligencia-artificial-e-futuro-tecnologico\/\" class=\"yoast-seo-meta-tag\" \/>\n<meta property=\"og:site_name\" content=\"RoboBanker\" class=\"yoast-seo-meta-tag\" \/>\n<meta property=\"article:publisher\" content=\"https:\/\/www.facebook.com\/Robobanker\/\" class=\"yoast-seo-meta-tag\" \/>\n<meta property=\"article:modified_time\" content=\"2024-11-14T10:53:42+00:00\" class=\"yoast-seo-meta-tag\" \/>\n<meta name=\"twitter:card\" content=\"summary_large_image\" class=\"yoast-seo-meta-tag\" \/>\n<script type=\"application\/ld+json\" class=\"yoast-schema-graph\">{\"@context\":\"https:\/\/schema.org\",\"@graph\":[{\"@type\":\"WebPage\",\"@id\":\"https:\/\/www.robobanker.com.br\/index.php\/inteligencia-artificial-e-futuro-tecnologico\/\",\"url\":\"https:\/\/www.robobanker.com.br\/index.php\/inteligencia-artificial-e-futuro-tecnologico\/\",\"name\":\"Intelig\u00eancia Artificial e Futuro Tecnol\u00f3gico &#8212; RoboBanker\",\"isPartOf\":{\"@id\":\"https:\/\/www.robobanker.com.br\/#website\"},\"datePublished\":\"2024-11-14T10:53:01+00:00\",\"dateModified\":\"2024-11-14T10:53:42+00:00\",\"breadcrumb\":{\"@id\":\"https:\/\/www.robobanker.com.br\/index.php\/inteligencia-artificial-e-futuro-tecnologico\/#breadcrumb\"},\"inLanguage\":\"pt-BR\",\"potentialAction\":[{\"@type\":\"ReadAction\",\"target\":[\"https:\/\/www.robobanker.com.br\/index.php\/inteligencia-artificial-e-futuro-tecnologico\/\"]}]},{\"@type\":\"BreadcrumbList\",\"@id\":\"https:\/\/www.robobanker.com.br\/index.php\/inteligencia-artificial-e-futuro-tecnologico\/#breadcrumb\",\"itemListElement\":[{\"@type\":\"ListItem\",\"position\":1,\"name\":\"In\u00edcio\",\"item\":\"https:\/\/www.robobanker.com.br\/\"},{\"@type\":\"ListItem\",\"position\":2,\"name\":\"Intelig\u00eancia Artificial e Futuro Tecnol\u00f3gico\"}]},{\"@type\":\"WebSite\",\"@id\":\"https:\/\/www.robobanker.com.br\/#website\",\"url\":\"https:\/\/www.robobanker.com.br\/\",\"name\":\"RoboBanker\",\"description\":\"Real Investor Satisfaction\",\"publisher\":{\"@id\":\"https:\/\/www.robobanker.com.br\/#organization\"},\"potentialAction\":[{\"@type\":\"SearchAction\",\"target\":{\"@type\":\"EntryPoint\",\"urlTemplate\":\"https:\/\/www.robobanker.com.br\/?s={search_term_string}\"},\"query-input\":\"required name=search_term_string\"}],\"inLanguage\":\"pt-BR\"},{\"@type\":\"Organization\",\"@id\":\"https:\/\/www.robobanker.com.br\/#organization\",\"name\":\"Robo Banker\",\"url\":\"https:\/\/www.robobanker.com.br\/\",\"logo\":{\"@type\":\"ImageObject\",\"inLanguage\":\"pt-BR\",\"@id\":\"https:\/\/www.robobanker.com.br\/#\/schema\/logo\/image\/\",\"url\":\"https:\/\/www.robobanker.com.br\/wp-content\/uploads\/2024\/04\/cropped-Ativo-3@4x-1024x212@2x-1.png\",\"contentUrl\":\"https:\/\/www.robobanker.com.br\/wp-content\/uploads\/2024\/04\/cropped-Ativo-3@4x-1024x212@2x-1.png\",\"width\":187,\"height\":39,\"caption\":\"Robo Banker\"},\"image\":{\"@id\":\"https:\/\/www.robobanker.com.br\/#\/schema\/logo\/image\/\"},\"sameAs\":[\"https:\/\/www.facebook.com\/Robobanker\/\"]}]}<\/script>\n<!-- \/ Yoast SEO plugin. -->","yoast_head_json":{"title":"Intelig\u00eancia Artificial e Futuro Tecnol\u00f3gico &#8212; RoboBanker","robots":{"index":"index","follow":"follow","max-snippet":"max-snippet:-1","max-image-preview":"max-image-preview:large","max-video-preview":"max-video-preview:-1"},"canonical":"https:\/\/www.robobanker.com.br\/index.php\/inteligencia-artificial-e-futuro-tecnologico\/","og_locale":"pt_BR","og_type":"article","og_title":"Intelig\u00eancia Artificial e Futuro Tecnol\u00f3gico &#8212; RoboBanker","og_url":"https:\/\/www.robobanker.com.br\/index.php\/inteligencia-artificial-e-futuro-tecnologico\/","og_site_name":"RoboBanker","article_publisher":"https:\/\/www.facebook.com\/Robobanker\/","article_modified_time":"2024-11-14T10:53:42+00:00","twitter_card":"summary_large_image","schema":{"@context":"https:\/\/schema.org","@graph":[{"@type":"WebPage","@id":"https:\/\/www.robobanker.com.br\/index.php\/inteligencia-artificial-e-futuro-tecnologico\/","url":"https:\/\/www.robobanker.com.br\/index.php\/inteligencia-artificial-e-futuro-tecnologico\/","name":"Intelig\u00eancia Artificial e Futuro Tecnol\u00f3gico &#8212; RoboBanker","isPartOf":{"@id":"https:\/\/www.robobanker.com.br\/#website"},"datePublished":"2024-11-14T10:53:01+00:00","dateModified":"2024-11-14T10:53:42+00:00","breadcrumb":{"@id":"https:\/\/www.robobanker.com.br\/index.php\/inteligencia-artificial-e-futuro-tecnologico\/#breadcrumb"},"inLanguage":"pt-BR","potentialAction":[{"@type":"ReadAction","target":["https:\/\/www.robobanker.com.br\/index.php\/inteligencia-artificial-e-futuro-tecnologico\/"]}]},{"@type":"BreadcrumbList","@id":"https:\/\/www.robobanker.com.br\/index.php\/inteligencia-artificial-e-futuro-tecnologico\/#breadcrumb","itemListElement":[{"@type":"ListItem","position":1,"name":"In\u00edcio","item":"https:\/\/www.robobanker.com.br\/"},{"@type":"ListItem","position":2,"name":"Intelig\u00eancia Artificial e Futuro Tecnol\u00f3gico"}]},{"@type":"WebSite","@id":"https:\/\/www.robobanker.com.br\/#website","url":"https:\/\/www.robobanker.com.br\/","name":"RoboBanker","description":"Real Investor Satisfaction","publisher":{"@id":"https:\/\/www.robobanker.com.br\/#organization"},"potentialAction":[{"@type":"SearchAction","target":{"@type":"EntryPoint","urlTemplate":"https:\/\/www.robobanker.com.br\/?s={search_term_string}"},"query-input":"required name=search_term_string"}],"inLanguage":"pt-BR"},{"@type":"Organization","@id":"https:\/\/www.robobanker.com.br\/#organization","name":"Robo Banker","url":"https:\/\/www.robobanker.com.br\/","logo":{"@type":"ImageObject","inLanguage":"pt-BR","@id":"https:\/\/www.robobanker.com.br\/#\/schema\/logo\/image\/","url":"https:\/\/www.robobanker.com.br\/wp-content\/uploads\/2024\/04\/cropped-Ativo-3@4x-1024x212@2x-1.png","contentUrl":"https:\/\/www.robobanker.com.br\/wp-content\/uploads\/2024\/04\/cropped-Ativo-3@4x-1024x212@2x-1.png","width":187,"height":39,"caption":"Robo Banker"},"image":{"@id":"https:\/\/www.robobanker.com.br\/#\/schema\/logo\/image\/"},"sameAs":["https:\/\/www.facebook.com\/Robobanker\/"]}]}},"_links":{"self":[{"href":"https:\/\/www.robobanker.com.br\/index.php\/wp-json\/wp\/v2\/pages\/4492"}],"collection":[{"href":"https:\/\/www.robobanker.com.br\/index.php\/wp-json\/wp\/v2\/pages"}],"about":[{"href":"https:\/\/www.robobanker.com.br\/index.php\/wp-json\/wp\/v2\/types\/page"}],"author":[{"embeddable":true,"href":"https:\/\/www.robobanker.com.br\/index.php\/wp-json\/wp\/v2\/users\/1"}],"replies":[{"embeddable":true,"href":"https:\/\/www.robobanker.com.br\/index.php\/wp-json\/wp\/v2\/comments?post=4492"}],"version-history":[{"count":4,"href":"https:\/\/www.robobanker.com.br\/index.php\/wp-json\/wp\/v2\/pages\/4492\/revisions"}],"predecessor-version":[{"id":4497,"href":"https:\/\/www.robobanker.com.br\/index.php\/wp-json\/wp\/v2\/pages\/4492\/revisions\/4497"}],"wp:attachment":[{"href":"https:\/\/www.robobanker.com.br\/index.php\/wp-json\/wp\/v2\/media?parent=4492"}],"curies":[{"name":"wp","href":"https:\/\/api.w.org\/{rel}","templated":true}]}}